{"id":104,"date":"2025-04-19T12:04:40","date_gmt":"2025-04-19T10:04:40","guid":{"rendered":"https:\/\/www.clarypool.com\/?page_id=104"},"modified":"2025-06-04T16:13:24","modified_gmt":"2025-06-04T14:13:24","slug":"produits","status":"publish","type":"page","link":"https:\/\/www.clarypool.com\/index.php\/produits\/","title":{"rendered":"Produits"},"content":{"rendered":"\n<p class=\"has-large-font-size\"><strong>Clarypool vous propose tout ce dont vous avez besoin pour que l\u2019eau de votre piscine soit cristalline<\/strong><\/p>\n\n\n\n<p>Clarypool propose une gamme de produits professionnels, utilis\u00e9s dans les piscines municipales, adapt\u00e9s aux piscines privatives. <\/p>\n\n\n\n<p>D\u00e9couvrez notre gamme :<\/p>\n\n\n\n<div class=\"wp-block-media-text is-stacked-on-mobile\" style=\"grid-template-columns:33% auto\"><figure class=\"wp-block-media-text__media\"><a href=\"https:\/\/www.clarypool.com\/index.php\/produit\/aquaneed-flow-media-filtrant\/\" target=\"_blank\" rel=\" noreferrer noopener\"><img data-recalc-dims=\"1\" fetchpriority=\"high\" decoding=\"async\" width=\"800\" height=\"800\" data-attachment-id=\"549\" data-permalink=\"https:\/\/www.clarypool.com\/flox-filtre-comp-fond-gris-2\/\" data-orig-file=\"https:\/\/i0.wp.com\/www.clarypool.com\/wp-content\/uploads\/2025\/05\/flox-filtre-comp-fond-gris-1.png?fit=1024%2C1024&amp;ssl=1\" data-orig-size=\"1024,1024\" data-comments-opened=\"1\" data-image-meta=\"{&quot;aperture&quot;:&quot;0&quot;,&quot;credit&quot;:&quot;&quot;,&quot;camera&quot;:&quot;&quot;,&quot;caption&quot;:&quot;&quot;,&quot;created_timestamp&quot;:&quot;0&quot;,&quot;copyright&quot;:&quot;&quot;,&quot;focal_length&quot;:&quot;0&quot;,&quot;iso&quot;:&quot;0&quot;,&quot;shutter_speed&quot;:&quot;0&quot;,&quot;title&quot;:&quot;&quot;,&quot;orientation&quot;:&quot;0&quot;}\" data-image-title=\"Aquaneed flow one\" data-image-description=\"\" data-image-caption=\"\" data-large-file=\"https:\/\/i0.wp.com\/www.clarypool.com\/wp-content\/uploads\/2025\/05\/flox-filtre-comp-fond-gris-1.png?fit=800%2C800&amp;ssl=1\" src=\"https:\/\/i0.wp.com\/www.clarypool.com\/wp-content\/uploads\/2025\/05\/flox-filtre-comp-fond-gris-1.png?resize=800%2C800&#038;ssl=1\" alt=\"\" class=\"wp-image-549 size-medium\" srcset=\"https:\/\/i0.wp.com\/www.clarypool.com\/wp-content\/uploads\/2025\/05\/flox-filtre-comp-fond-gris-1.png?w=1024&amp;ssl=1 1024w, https:\/\/i0.wp.com\/www.clarypool.com\/wp-content\/uploads\/2025\/05\/flox-filtre-comp-fond-gris-1.png?resize=300%2C300&amp;ssl=1 300w, https:\/\/i0.wp.com\/www.clarypool.com\/wp-content\/uploads\/2025\/05\/flox-filtre-comp-fond-gris-1.png?resize=150%2C150&amp;ssl=1 150w, https:\/\/i0.wp.com\/www.clarypool.com\/wp-content\/uploads\/2025\/05\/flox-filtre-comp-fond-gris-1.png?resize=768%2C768&amp;ssl=1 768w, https:\/\/i0.wp.com\/www.clarypool.com\/wp-content\/uploads\/2025\/05\/flox-filtre-comp-fond-gris-1.png?resize=600%2C600&amp;ssl=1 600w, https:\/\/i0.wp.com\/www.clarypool.com\/wp-content\/uploads\/2025\/05\/flox-filtre-comp-fond-gris-1.png?resize=100%2C100&amp;ssl=1 100w\" sizes=\"(max-width: 800px) 100vw, 800px\" \/><\/a><\/figure><div class=\"wp-block-media-text__content\">\n<p class=\"has-large-font-size\"><strong>Media filtrant pour filtration piscine : <\/strong><\/p>\n\n\n\n<p>\ud83c\udf00 AQUANEED Flow One \u2013 Le m\u00e9dia filtrant nouvelle g\u00e9n\u00e9ration<\/p>\n\n\n\n<p><strong>250 g = 25 kg de sable. Une eau pure, sans compromis.<\/strong><\/p>\n<\/div><\/div>\n\n\n\n<div style=\"height:100px\" aria-hidden=\"true\" class=\"wp-block-spacer\"><\/div>\n\n\n\n<div class=\"wp-block-media-text is-stacked-on-mobile\" style=\"grid-template-columns:33% auto\"><figure class=\"wp-block-media-text__media\"><a href=\"https:\/\/www.clarypool.com\/index.php\/produit\/aquaneed-robot-media-filtrant-dexception-pour-votre-robot-de-piscine\/\" target=\"_blank\" rel=\" noreferrer noopener\"><img data-recalc-dims=\"1\" decoding=\"async\" width=\"787\" height=\"1024\" data-attachment-id=\"524\" data-permalink=\"https:\/\/www.clarypool.com\/?attachment_id=524\" data-orig-file=\"https:\/\/i0.wp.com\/www.clarypool.com\/wp-content\/uploads\/2025\/04\/robot-mousse-comp2.jpeg?fit=1536%2C1998&amp;ssl=1\" data-orig-size=\"1536,1998\" data-comments-opened=\"1\" data-image-meta=\"{&quot;aperture&quot;:&quot;0&quot;,&quot;credit&quot;:&quot;&quot;,&quot;camera&quot;:&quot;&quot;,&quot;caption&quot;:&quot;&quot;,&quot;created_timestamp&quot;:&quot;0&quot;,&quot;copyright&quot;:&quot;&quot;,&quot;focal_length&quot;:&quot;0&quot;,&quot;iso&quot;:&quot;0&quot;,&quot;shutter_speed&quot;:&quot;0&quot;,&quot;title&quot;:&quot;&quot;,&quot;orientation&quot;:&quot;0&quot;}\" data-image-title=\"Aquaneed robot\" data-image-description=\"\" data-image-caption=\"\" data-large-file=\"https:\/\/i0.wp.com\/www.clarypool.com\/wp-content\/uploads\/2025\/04\/robot-mousse-comp2.jpeg?fit=787%2C1024&amp;ssl=1\" src=\"https:\/\/i0.wp.com\/www.clarypool.com\/wp-content\/uploads\/2025\/04\/robot-mousse-comp2.jpeg?resize=787%2C1024&#038;ssl=1\" alt=\"\" class=\"wp-image-524 size-medium\" srcset=\"https:\/\/i0.wp.com\/www.clarypool.com\/wp-content\/uploads\/2025\/04\/robot-mousse-comp2.jpeg?resize=787%2C1024&amp;ssl=1 787w, https:\/\/i0.wp.com\/www.clarypool.com\/wp-content\/uploads\/2025\/04\/robot-mousse-comp2.jpeg?resize=231%2C300&amp;ssl=1 231w, https:\/\/i0.wp.com\/www.clarypool.com\/wp-content\/uploads\/2025\/04\/robot-mousse-comp2.jpeg?resize=768%2C999&amp;ssl=1 768w, https:\/\/i0.wp.com\/www.clarypool.com\/wp-content\/uploads\/2025\/04\/robot-mousse-comp2.jpeg?resize=1181%2C1536&amp;ssl=1 1181w, https:\/\/i0.wp.com\/www.clarypool.com\/wp-content\/uploads\/2025\/04\/robot-mousse-comp2.jpeg?resize=1320%2C1717&amp;ssl=1 1320w, https:\/\/i0.wp.com\/www.clarypool.com\/wp-content\/uploads\/2025\/04\/robot-mousse-comp2.jpeg?resize=600%2C780&amp;ssl=1 600w, https:\/\/i0.wp.com\/www.clarypool.com\/wp-content\/uploads\/2025\/04\/robot-mousse-comp2.jpeg?w=1536&amp;ssl=1 1536w\" sizes=\"(max-width: 787px) 100vw, 787px\" \/><\/a><\/figure><div class=\"wp-block-media-text__content\">\n<p class=\"has-large-font-size\"><strong>Media filtrant pour robot : <\/strong><\/p>\n\n\n\n<p>\ud83c\udf00 AQUANEED Robot \u2013 Le filtre professionnel pour votre robot de piscine<\/p>\n\n\n\n<p><strong>Offrez \u00e0 votre robot la filtration qu\u2019il m\u00e9rite.<\/strong><\/p>\n<\/div><\/div>\n\n\n\n<div style=\"height:100px\" aria-hidden=\"true\" class=\"wp-block-spacer\"><\/div>\n\n\n\n<div class=\"wp-block-media-text is-stacked-on-mobile\" style=\"grid-template-columns:33% auto\"><figure class=\"wp-block-media-text__media\"><a href=\"https:\/\/www.clarypool.com\/index.php\/produit\/aquaneed-skim-media-filtrant-dexception-pour-skimmer-de-piscine\/\" target=\"_blank\" rel=\" noreferrer noopener\"><img data-recalc-dims=\"1\" decoding=\"async\" width=\"768\" height=\"1024\" data-attachment-id=\"529\" data-permalink=\"https:\/\/www.clarypool.com\/?attachment_id=529\" data-orig-file=\"https:\/\/i0.wp.com\/www.clarypool.com\/wp-content\/uploads\/2025\/05\/pack-skim-18x4-x2-comp3.jpeg?fit=1536%2C2048&amp;ssl=1\" data-orig-size=\"1536,2048\" data-comments-opened=\"1\" data-image-meta=\"{&quot;aperture&quot;:&quot;0&quot;,&quot;credit&quot;:&quot;&quot;,&quot;camera&quot;:&quot;&quot;,&quot;caption&quot;:&quot;&quot;,&quot;created_timestamp&quot;:&quot;0&quot;,&quot;copyright&quot;:&quot;&quot;,&quot;focal_length&quot;:&quot;0&quot;,&quot;iso&quot;:&quot;0&quot;,&quot;shutter_speed&quot;:&quot;0&quot;,&quot;title&quot;:&quot;&quot;,&quot;orientation&quot;:&quot;0&quot;}\" data-image-title=\"pack skim 18&amp;#215;4 x2 comp3\" data-image-description=\"\" data-image-caption=\"\" data-large-file=\"https:\/\/i0.wp.com\/www.clarypool.com\/wp-content\/uploads\/2025\/05\/pack-skim-18x4-x2-comp3.jpeg?fit=768%2C1024&amp;ssl=1\" src=\"https:\/\/i0.wp.com\/www.clarypool.com\/wp-content\/uploads\/2025\/05\/pack-skim-18x4-x2-comp3.jpeg?resize=768%2C1024&#038;ssl=1\" alt=\"\" class=\"wp-image-529 size-full\" srcset=\"https:\/\/i0.wp.com\/www.clarypool.com\/wp-content\/uploads\/2025\/05\/pack-skim-18x4-x2-comp3.jpeg?resize=768%2C1024&amp;ssl=1 768w, https:\/\/i0.wp.com\/www.clarypool.com\/wp-content\/uploads\/2025\/05\/pack-skim-18x4-x2-comp3.jpeg?resize=225%2C300&amp;ssl=1 225w, https:\/\/i0.wp.com\/www.clarypool.com\/wp-content\/uploads\/2025\/05\/pack-skim-18x4-x2-comp3.jpeg?resize=1152%2C1536&amp;ssl=1 1152w, https:\/\/i0.wp.com\/www.clarypool.com\/wp-content\/uploads\/2025\/05\/pack-skim-18x4-x2-comp3.jpeg?resize=1320%2C1760&amp;ssl=1 1320w, https:\/\/i0.wp.com\/www.clarypool.com\/wp-content\/uploads\/2025\/05\/pack-skim-18x4-x2-comp3.jpeg?resize=600%2C800&amp;ssl=1 600w, https:\/\/i0.wp.com\/www.clarypool.com\/wp-content\/uploads\/2025\/05\/pack-skim-18x4-x2-comp3.jpeg?w=1536&amp;ssl=1 1536w\" sizes=\"(max-width: 768px) 100vw, 768px\" \/><\/a><\/figure><div class=\"wp-block-media-text__content\">\n<p class=\"has-large-font-size\"><strong>Media filtrant pour skimmer : <\/strong><\/p>\n\n\n\n<p>\ud83c\udf00 AQUANEED Skim \u2013 Filtration ultra-fine pour skimmer de piscine<\/p>\n\n\n\n<p><strong>Transformez votre skimmer en un v\u00e9ritable syst\u00e8me de filtration avanc\u00e9 !<\/strong><\/p>\n\n\n\n<div style=\"height:100px\" aria-hidden=\"true\" class=\"wp-block-spacer\"><\/div>\n<\/div><\/div>\n\n\n\n<div style=\"height:100px\" aria-hidden=\"true\" class=\"wp-block-spacer\"><\/div>\n\n\n\n<div class=\"wp-block-media-text is-stacked-on-mobile\" style=\"grid-template-columns:33% auto\"><figure class=\"wp-block-media-text__media\"><a href=\"https:\/\/www.clarypool.com\/index.php\/produit\/aquaneed-flow-eco-d-bag-pour-filtration-desjoyaux\/\" target=\"_blank\" rel=\" noreferrer noopener\"><img data-recalc-dims=\"1\" loading=\"lazy\" decoding=\"async\" width=\"768\" height=\"1024\" data-attachment-id=\"519\" data-permalink=\"https:\/\/www.clarypool.com\/?attachment_id=519\" data-orig-file=\"https:\/\/i0.wp.com\/www.clarypool.com\/wp-content\/uploads\/2025\/05\/desjoyaux-comp1.jpeg?fit=1536%2C2048&amp;ssl=1\" data-orig-size=\"1536,2048\" data-comments-opened=\"1\" data-image-meta=\"{&quot;aperture&quot;:&quot;0&quot;,&quot;credit&quot;:&quot;&quot;,&quot;camera&quot;:&quot;&quot;,&quot;caption&quot;:&quot;&quot;,&quot;created_timestamp&quot;:&quot;0&quot;,&quot;copyright&quot;:&quot;&quot;,&quot;focal_length&quot;:&quot;0&quot;,&quot;iso&quot;:&quot;0&quot;,&quot;shutter_speed&quot;:&quot;0&quot;,&quot;title&quot;:&quot;&quot;,&quot;orientation&quot;:&quot;0&quot;}\" data-image-title=\"desjoyaux Flow Eco D-Bag\" data-image-description=\"\" data-image-caption=\"\" data-large-file=\"https:\/\/i0.wp.com\/www.clarypool.com\/wp-content\/uploads\/2025\/05\/desjoyaux-comp1.jpeg?fit=768%2C1024&amp;ssl=1\" src=\"https:\/\/i0.wp.com\/www.clarypool.com\/wp-content\/uploads\/2025\/05\/desjoyaux-comp1.jpeg?resize=768%2C1024&#038;ssl=1\" alt=\"\" class=\"wp-image-519 size-medium\" srcset=\"https:\/\/i0.wp.com\/www.clarypool.com\/wp-content\/uploads\/2025\/05\/desjoyaux-comp1.jpeg?resize=768%2C1024&amp;ssl=1 768w, https:\/\/i0.wp.com\/www.clarypool.com\/wp-content\/uploads\/2025\/05\/desjoyaux-comp1.jpeg?resize=225%2C300&amp;ssl=1 225w, https:\/\/i0.wp.com\/www.clarypool.com\/wp-content\/uploads\/2025\/05\/desjoyaux-comp1.jpeg?resize=1152%2C1536&amp;ssl=1 1152w, https:\/\/i0.wp.com\/www.clarypool.com\/wp-content\/uploads\/2025\/05\/desjoyaux-comp1.jpeg?w=1536&amp;ssl=1 1536w\" sizes=\"(max-width: 768px) 100vw, 768px\" \/><\/a><\/figure><div class=\"wp-block-media-text__content\">\n<p class=\"has-large-font-size\"><strong>Media filtrant pour filtration Desjoyaux : <\/strong><\/p>\n\n\n\n<p>\ud83c\udf00 AQUANEED Flow Eco-D<\/p>\n\n\n\n<p><strong>Filtration 1 micron pour filtre Desjoyaux \u2013 remplace la chaussette<\/strong><\/p>\n<\/div><\/div>\n\n\n\n<div style=\"height:100px\" aria-hidden=\"true\" class=\"wp-block-spacer\"><\/div>\n\n\n\n<div class=\"wp-block-media-text is-stacked-on-mobile\" style=\"grid-template-columns:33% auto\"><figure class=\"wp-block-media-text__media\"><a href=\"https:\/\/www.clarypool.com\/index.php\/produit\/aquaneed-v-42-l-le-traitement-automatique-dexception-de-votre-piscine\/\" target=\"_blank\" rel=\" noreferrer noopener\"><img data-recalc-dims=\"1\" loading=\"lazy\" decoding=\"async\" width=\"300\" height=\"206\" data-attachment-id=\"136\" data-permalink=\"https:\/\/www.clarypool.com\/?attachment_id=136\" data-orig-file=\"https:\/\/i0.wp.com\/www.clarypool.com\/wp-content\/uploads\/2025\/04\/Aquaneed-V42-L.jpg?fit=635%2C435&amp;ssl=1\" data-orig-size=\"635,435\" data-comments-opened=\"1\" data-image-meta=\"{&quot;aperture&quot;:&quot;0&quot;,&quot;credit&quot;:&quot;&quot;,&quot;camera&quot;:&quot;&quot;,&quot;caption&quot;:&quot;&quot;,&quot;created_timestamp&quot;:&quot;0&quot;,&quot;copyright&quot;:&quot;&quot;,&quot;focal_length&quot;:&quot;0&quot;,&quot;iso&quot;:&quot;0&quot;,&quot;shutter_speed&quot;:&quot;0&quot;,&quot;title&quot;:&quot;&quot;,&quot;orientation&quot;:&quot;0&quot;}\" data-image-title=\"Aquaneed V42 L\" data-image-description=\"\" data-image-caption=\"\" data-large-file=\"https:\/\/i0.wp.com\/www.clarypool.com\/wp-content\/uploads\/2025\/04\/Aquaneed-V42-L.jpg?fit=635%2C435&amp;ssl=1\" src=\"https:\/\/i0.wp.com\/www.clarypool.com\/wp-content\/uploads\/2025\/04\/Aquaneed-V42-L.jpg?resize=300%2C206&#038;ssl=1\" alt=\"\" class=\"wp-image-136 size-medium\" srcset=\"https:\/\/i0.wp.com\/www.clarypool.com\/wp-content\/uploads\/2025\/04\/Aquaneed-V42-L.jpg?resize=300%2C206&amp;ssl=1 300w, https:\/\/i0.wp.com\/www.clarypool.com\/wp-content\/uploads\/2025\/04\/Aquaneed-V42-L.jpg?resize=600%2C411&amp;ssl=1 600w, https:\/\/i0.wp.com\/www.clarypool.com\/wp-content\/uploads\/2025\/04\/Aquaneed-V42-L.jpg?w=635&amp;ssl=1 635w\" sizes=\"(max-width: 300px) 100vw, 300px\" \/><\/a><\/figure><div class=\"wp-block-media-text__content\">\n<p class=\"has-large-font-size\"><strong>Le traitement automatique d\u2019exception de votre piscine<\/strong><\/p>\n\n\n\n<p>\ud83c\udf00 AQUANEED<\/p>\n\n\n\n<p><strong>L\u2019innovation pour une piscine saine, simple et durable<\/strong><\/p>\n<\/div><\/div>\n\n\n\n<p><\/p>\n\n\n\n<p><\/p>\n","protected":false},"excerpt":{"rendered":"<p>Clarypool vous propose tout ce dont vous avez besoin pour que l\u2019eau de votre piscine soit cristalline Clarypool propose une gamme de produits professionnels, utilis\u00e9s dans les piscines municipales, adapt\u00e9s aux piscines privatives. D\u00e9couvrez notre gamme : Media filtrant pour filtration piscine : \ud83c\udf00 AQUANEED Flow One \u2013 Le m\u00e9dia filtrant nouvelle g\u00e9n\u00e9ration 250 g [&hellip;]<\/p>\n","protected":false},"author":1,"featured_media":0,"parent":0,"menu_order":0,"comment_status":"closed","ping_status":"closed","template":"","meta":{"footnotes":""},"class_list":["post-104","page","type-page","status-publish","hentry"],"yoast_head":"<!-- This site is optimized with the Yoast SEO plugin v27.4 - https:\/\/yoast.com\/product\/yoast-seo-wordpress\/ -->\n<title>Produits - Clarypool<\/title>\n<meta name=\"robots\" content=\"index, follow, max-snippet:-1, max-image-preview:large, max-video-preview:-1\" \/>\n<link rel=\"canonical\" href=\"https:\/\/www.clarypool.com\/index.php\/produits\/\" \/>\n<meta property=\"og:locale\" content=\"en_US\" \/>\n<meta property=\"og:type\" content=\"article\" \/>\n<meta property=\"og:title\" content=\"Produits - Clarypool\" \/>\n<meta property=\"og:description\" content=\"Clarypool vous propose tout ce dont vous avez besoin pour que l\u2019eau de votre piscine soit cristalline Clarypool propose une gamme de produits professionnels, utilis\u00e9s dans les piscines municipales, adapt\u00e9s aux piscines privatives. D\u00e9couvrez notre gamme : Media filtrant pour filtration piscine : \ud83c\udf00 AQUANEED Flow One \u2013 Le m\u00e9dia filtrant nouvelle g\u00e9n\u00e9ration 250 g [&hellip;]\" \/>\n<meta property=\"og:url\" content=\"https:\/\/www.clarypool.com\/index.php\/produits\/\" \/>\n<meta property=\"og:site_name\" content=\"Clarypool\" \/>\n<meta property=\"article:publisher\" content=\"https:\/\/facebook.com\/yoast\" \/>\n<meta property=\"article:modified_time\" content=\"2025-06-04T14:13:24+00:00\" \/>\n<meta property=\"og:image\" content=\"http:\/\/www.clarypool.com\/wp-content\/uploads\/2025\/05\/flox-filtre-comp-fond-gris-1.png\" \/>\n<meta name=\"twitter:card\" content=\"summary_large_image\" \/>\n<meta name=\"twitter:label1\" content=\"Est. reading time\" \/>\n\t<meta name=\"twitter:data1\" content=\"1 minute\" \/>\n<script type=\"application\/ld+json\" class=\"yoast-schema-graph\">{\"@context\":\"https:\\\/\\\/schema.org\",\"@graph\":[{\"@type\":\"WebPage\",\"@id\":\"https:\\\/\\\/www.clarypool.com\\\/index.php\\\/produits\\\/\",\"url\":\"https:\\\/\\\/www.clarypool.com\\\/index.php\\\/produits\\\/\",\"name\":\"Produits - Clarypool\",\"isPartOf\":{\"@id\":\"https:\\\/\\\/www.clarypool.com\\\/#website\"},\"primaryImageOfPage\":{\"@id\":\"https:\\\/\\\/www.clarypool.com\\\/index.php\\\/produits\\\/#primaryimage\"},\"image\":{\"@id\":\"https:\\\/\\\/www.clarypool.com\\\/index.php\\\/produits\\\/#primaryimage\"},\"thumbnailUrl\":\"http:\\\/\\\/www.clarypool.com\\\/wp-content\\\/uploads\\\/2025\\\/05\\\/flox-filtre-comp-fond-gris-1.png\",\"datePublished\":\"2025-04-19T10:04:40+00:00\",\"dateModified\":\"2025-06-04T14:13:24+00:00\",\"breadcrumb\":{\"@id\":\"https:\\\/\\\/www.clarypool.com\\\/index.php\\\/produits\\\/#breadcrumb\"},\"inLanguage\":\"en-US\",\"potentialAction\":[{\"@type\":\"ReadAction\",\"target\":[\"https:\\\/\\\/www.clarypool.com\\\/index.php\\\/produits\\\/\"]}]},{\"@type\":\"ImageObject\",\"inLanguage\":\"en-US\",\"@id\":\"https:\\\/\\\/www.clarypool.com\\\/index.php\\\/produits\\\/#primaryimage\",\"url\":\"http:\\\/\\\/www.clarypool.com\\\/wp-content\\\/uploads\\\/2025\\\/05\\\/flox-filtre-comp-fond-gris-1.png\",\"contentUrl\":\"http:\\\/\\\/www.clarypool.com\\\/wp-content\\\/uploads\\\/2025\\\/05\\\/flox-filtre-comp-fond-gris-1.png\"},{\"@type\":\"BreadcrumbList\",\"@id\":\"https:\\\/\\\/www.clarypool.com\\\/index.php\\\/produits\\\/#breadcrumb\",\"itemListElement\":[{\"@type\":\"ListItem\",\"position\":1,\"name\":\"Accueil\",\"item\":\"https:\\\/\\\/www.clarypool.com\\\/\"},{\"@type\":\"ListItem\",\"position\":2,\"name\":\"Produits\"}]},{\"@type\":\"WebSite\",\"@id\":\"https:\\\/\\\/www.clarypool.com\\\/#website\",\"url\":\"https:\\\/\\\/www.clarypool.com\\\/\",\"name\":\"Clarypool\",\"description\":\"Votre piscine cristalline\",\"publisher\":{\"@id\":\"https:\\\/\\\/www.clarypool.com\\\/#organization\"},\"potentialAction\":[{\"@type\":\"SearchAction\",\"target\":{\"@type\":\"EntryPoint\",\"urlTemplate\":\"https:\\\/\\\/www.clarypool.com\\\/?s={search_term_string}\"},\"query-input\":{\"@type\":\"PropertyValueSpecification\",\"valueRequired\":true,\"valueName\":\"search_term_string\"}}],\"inLanguage\":\"en-US\"},{\"@type\":\"Organization\",\"@id\":\"https:\\\/\\\/www.clarypool.com\\\/#organization\",\"name\":\"Clarypool\",\"url\":\"https:\\\/\\\/www.clarypool.com\\\/\",\"logo\":{\"@type\":\"ImageObject\",\"inLanguage\":\"en-US\",\"@id\":\"https:\\\/\\\/www.clarypool.com\\\/#\\\/schema\\\/logo\\\/image\\\/\",\"url\":\"https:\\\/\\\/i0.wp.com\\\/www.clarypool.com\\\/wp-content\\\/uploads\\\/2025\\\/04\\\/clarypool-screen.png?fit=592%2C228&ssl=1\",\"contentUrl\":\"https:\\\/\\\/i0.wp.com\\\/www.clarypool.com\\\/wp-content\\\/uploads\\\/2025\\\/04\\\/clarypool-screen.png?fit=592%2C228&ssl=1\",\"width\":592,\"height\":228,\"caption\":\"Clarypool\"},\"image\":{\"@id\":\"https:\\\/\\\/www.clarypool.com\\\/#\\\/schema\\\/logo\\\/image\\\/\"},\"sameAs\":[\"https:\\\/\\\/facebook.com\\\/yoast\"]}]}<\/script>\n<!-- \/ Yoast SEO plugin. -->","yoast_head_json":{"title":"Produits - Clarypool","robots":{"index":"index","follow":"follow","max-snippet":"max-snippet:-1","max-image-preview":"max-image-preview:large","max-video-preview":"max-video-preview:-1"},"canonical":"https:\/\/www.clarypool.com\/index.php\/produits\/","og_locale":"en_US","og_type":"article","og_title":"Produits - Clarypool","og_description":"Clarypool vous propose tout ce dont vous avez besoin pour que l\u2019eau de votre piscine soit cristalline Clarypool propose une gamme de produits professionnels, utilis\u00e9s dans les piscines municipales, adapt\u00e9s aux piscines privatives. D\u00e9couvrez notre gamme : Media filtrant pour filtration piscine : \ud83c\udf00 AQUANEED Flow One \u2013 Le m\u00e9dia filtrant nouvelle g\u00e9n\u00e9ration 250 g [&hellip;]","og_url":"https:\/\/www.clarypool.com\/index.php\/produits\/","og_site_name":"Clarypool","article_publisher":"https:\/\/facebook.com\/yoast","article_modified_time":"2025-06-04T14:13:24+00:00","og_image":[{"url":"http:\/\/www.clarypool.com\/wp-content\/uploads\/2025\/05\/flox-filtre-comp-fond-gris-1.png","type":"","width":"","height":""}],"twitter_card":"summary_large_image","twitter_misc":{"Est. reading time":"1 minute"},"schema":{"@context":"https:\/\/schema.org","@graph":[{"@type":"WebPage","@id":"https:\/\/www.clarypool.com\/index.php\/produits\/","url":"https:\/\/www.clarypool.com\/index.php\/produits\/","name":"Produits - Clarypool","isPartOf":{"@id":"https:\/\/www.clarypool.com\/#website"},"primaryImageOfPage":{"@id":"https:\/\/www.clarypool.com\/index.php\/produits\/#primaryimage"},"image":{"@id":"https:\/\/www.clarypool.com\/index.php\/produits\/#primaryimage"},"thumbnailUrl":"http:\/\/www.clarypool.com\/wp-content\/uploads\/2025\/05\/flox-filtre-comp-fond-gris-1.png","datePublished":"2025-04-19T10:04:40+00:00","dateModified":"2025-06-04T14:13:24+00:00","breadcrumb":{"@id":"https:\/\/www.clarypool.com\/index.php\/produits\/#breadcrumb"},"inLanguage":"en-US","potentialAction":[{"@type":"ReadAction","target":["https:\/\/www.clarypool.com\/index.php\/produits\/"]}]},{"@type":"ImageObject","inLanguage":"en-US","@id":"https:\/\/www.clarypool.com\/index.php\/produits\/#primaryimage","url":"http:\/\/www.clarypool.com\/wp-content\/uploads\/2025\/05\/flox-filtre-comp-fond-gris-1.png","contentUrl":"http:\/\/www.clarypool.com\/wp-content\/uploads\/2025\/05\/flox-filtre-comp-fond-gris-1.png"},{"@type":"BreadcrumbList","@id":"https:\/\/www.clarypool.com\/index.php\/produits\/#breadcrumb","itemListElement":[{"@type":"ListItem","position":1,"name":"Accueil","item":"https:\/\/www.clarypool.com\/"},{"@type":"ListItem","position":2,"name":"Produits"}]},{"@type":"WebSite","@id":"https:\/\/www.clarypool.com\/#website","url":"https:\/\/www.clarypool.com\/","name":"Clarypool","description":"Votre piscine cristalline","publisher":{"@id":"https:\/\/www.clarypool.com\/#organization"},"potentialAction":[{"@type":"SearchAction","target":{"@type":"EntryPoint","urlTemplate":"https:\/\/www.clarypool.com\/?s={search_term_string}"},"query-input":{"@type":"PropertyValueSpecification","valueRequired":true,"valueName":"search_term_string"}}],"inLanguage":"en-US"},{"@type":"Organization","@id":"https:\/\/www.clarypool.com\/#organization","name":"Clarypool","url":"https:\/\/www.clarypool.com\/","logo":{"@type":"ImageObject","inLanguage":"en-US","@id":"https:\/\/www.clarypool.com\/#\/schema\/logo\/image\/","url":"https:\/\/i0.wp.com\/www.clarypool.com\/wp-content\/uploads\/2025\/04\/clarypool-screen.png?fit=592%2C228&ssl=1","contentUrl":"https:\/\/i0.wp.com\/www.clarypool.com\/wp-content\/uploads\/2025\/04\/clarypool-screen.png?fit=592%2C228&ssl=1","width":592,"height":228,"caption":"Clarypool"},"image":{"@id":"https:\/\/www.clarypool.com\/#\/schema\/logo\/image\/"},"sameAs":["https:\/\/facebook.com\/yoast"]}]}},"jetpack_sharing_enabled":true,"jetpack_likes_enabled":true,"jetpack-related-posts":[],"_links":{"self":[{"href":"https:\/\/www.clarypool.com\/index.php\/wp-json\/wp\/v2\/pages\/104","targetHints":{"allow":["GET"]}}],"collection":[{"href":"https:\/\/www.clarypool.com\/index.php\/wp-json\/wp\/v2\/pages"}],"about":[{"href":"https:\/\/www.clarypool.com\/index.php\/wp-json\/wp\/v2\/types\/page"}],"author":[{"embeddable":true,"href":"https:\/\/www.clarypool.com\/index.php\/wp-json\/wp\/v2\/users\/1"}],"replies":[{"embeddable":true,"href":"https:\/\/www.clarypool.com\/index.php\/wp-json\/wp\/v2\/comments?post=104"}],"version-history":[{"count":20,"href":"https:\/\/www.clarypool.com\/index.php\/wp-json\/wp\/v2\/pages\/104\/revisions"}],"predecessor-version":[{"id":615,"href":"https:\/\/www.clarypool.com\/index.php\/wp-json\/wp\/v2\/pages\/104\/revisions\/615"}],"wp:attachment":[{"href":"https:\/\/www.clarypool.com\/index.php\/wp-json\/wp\/v2\/media?parent=104"}],"curies":[{"name":"wp","href":"https:\/\/api.w.org\/{rel}","templated":true}]}}