{"id":513,"date":"2025-05-27T21:03:48","date_gmt":"2025-05-27T19:03:48","guid":{"rendered":"https:\/\/www.clarypool.com\/?page_id=513"},"modified":"2025-06-03T15:29:40","modified_gmt":"2025-06-03T13:29:40","slug":"cgv","status":"publish","type":"page","link":"https:\/\/www.clarypool.com\/index.php\/cgv\/","title":{"rendered":"CGV"},"content":{"rendered":"\n<p>CONDITIONS G\u00c9N\u00c9RALES DE VENTE<\/p>\n\n\n\n<p>Les pr\u00e9sentes conditions de vente sont conclues d\u2019une part par la soci\u00e9t\u00e9&nbsp;<strong>Clarypool<\/strong>, micro-entrepreneur dont le si\u00e8ge social est situ\u00e9 au&nbsp;<strong>976 route de Saussines, 30250 Sommi\u00e8res<\/strong>, immatricul\u00e9e au Registre du Commerce et des Soci\u00e9t\u00e9s de&nbsp;<strong>N\u00eemes<\/strong>&nbsp;sous le num\u00e9ro 943462531, ci-apr\u00e8s d\u00e9nomm\u00e9e &#8220;<strong>Clarypool<\/strong>&#8221; et g\u00e9rant le site&nbsp;<a href=\"https:\/\/www.clarypool.com\/\" target=\"_blank\" rel=\"noreferrer noopener\"><strong>www.clarypool.com<\/strong><\/a>, et d\u2019autre part, par toute personne physique ou morale souhaitant proc\u00e9der \u00e0 un achat via le site internet&nbsp;<a href=\"https:\/\/www.clarypool.com\/\" target=\"_blank\" rel=\"noreferrer noopener\"><strong>www.clarypool.com<\/strong><\/a>, d\u00e9nomm\u00e9e ci-apr\u00e8s &#8220;<strong>l\u2019Acheteur<\/strong>&#8220;.<\/p>\n\n\n\n<p><strong>Article 1. Objet<\/strong>&nbsp;Les pr\u00e9sentes conditions de vente visent \u00e0 d\u00e9finir les relations contractuelles entre&nbsp;<strong>Clarypool<\/strong>&nbsp;et l\u2019Acheteur et les conditions applicables \u00e0 tout achat effectu\u00e9 par le biais du site internet&nbsp;<a href=\"https:\/\/www.clarypool.com\/\" target=\"_blank\" rel=\"noreferrer noopener\"><strong>www.clarypool.com<\/strong><\/a>. L\u2019acquisition d\u2019un produit \u00e0 travers le pr\u00e9sent site implique une acceptation sans r\u00e9serve par l\u2019Acheteur des pr\u00e9sentes conditions de vente dont il reconna\u00eet avoir pris connaissance pr\u00e9alablement \u00e0 sa commande. Avant toute transaction, l\u2019Acheteur d\u00e9clare d\u2019une part que l\u2019achat de produits sur le site est sans rapport direct avec son activit\u00e9 professionnelle et est limit\u00e9 \u00e0 une utilisation strictement personnelle et d\u2019autre part avoir la pleine capacit\u00e9 juridique, lui permettant de s\u2019engager au titre des pr\u00e9sentes conditions g\u00e9n\u00e9rales de ventes.<br><strong>Clarypool<\/strong>&nbsp;se r\u00e9serve la possibilit\u00e9 de modifier \u00e0 tout moment ces conditions de vente, afin de respecter toute nouvelle r\u00e9glementation ou dans le but d&#8217;am\u00e9liorer l\u2019utilisation de son site. De ce fait, les conditions applicables seront celles en vigueur \u00e0 la date de la commande par l\u2019Acheteur.<\/p>\n\n\n\n<p><strong>Article 2. Produits<\/strong>&nbsp;Les produits propos\u00e9s sont ceux qui figurent sur le site&nbsp;<a href=\"https:\/\/www.clarypool.com\/\" target=\"_blank\" rel=\"noreferrer noopener\"><strong>www.clarypool.com<\/strong><\/a>&nbsp;de&nbsp;<strong>Clarypool<\/strong>, dans la limite des stocks disponibles.&nbsp;<strong>Clarypool<\/strong>&nbsp;se r\u00e9serve le droit de modifier \u00e0 tout moment l\u2019assortiment de produits. Chaque produit est pr\u00e9sent\u00e9 sur le site internet sous forme d\u2019un descriptif reprenant ses principales caract\u00e9ristiques techniques (contenance, utilisation, composition\u2026). Les photographies sont les plus fid\u00e8les possibles mais n\u2019engagent en rien le Vendeur. La vente des produits pr\u00e9sent\u00e9s est destin\u00e9e \u00e0 tous les acheteurs r\u00e9sidant dans les pays qui autorisent pleinement l\u2019entr\u00e9e sur leur territoire de ces produits.<\/p>\n\n\n\n<p><strong>Article 3. Tarifs<\/strong>&nbsp;Les prix figurant sur les fiches produits du catalogue internet sont des prix en Euros (\u20ac) toutes taxes comprises (TTC), tenant compte de la TVA applicable au jour de la commande. Tout changement du taux de la TVA pourra \u00eatre r\u00e9percut\u00e9 sur le prix des produits.&nbsp;<strong>Clarypool<\/strong>&nbsp;se r\u00e9serve le droit de modifier ses prix \u00e0 tout moment, \u00e9tant toutefois entendu que le prix figurant au catalogue le jour de la commande sera le seul applicable \u00e0 l\u2019Acheteur. Les prix indiqu\u00e9s ne comprennent pas les frais de livraison. En France m\u00e9tropolitaine, les frais de port sont variable en fonction du mode de livraison et de la quantit\u00e9 command\u00e9e. La livraison sur les d\u00e9partements d&#8217;outre-mer ( martinique, guadeloupe, guyane, la r\u00e9union et mayotte) sera possible sauf pour le produit Aquaneed (sur demande).<\/p>\n\n\n\n<p><strong>Article 4. Commande et modalit\u00e9s de paiement<\/strong><\/p>\n\n\n\n<ul class=\"wp-block-list\">\n<li><strong>Paiement par virement bancaire<\/strong>&nbsp;sur le compte dont les coordonn\u00e9es seront communiqu\u00e9es.<\/li>\n\n\n\n<li><strong>Paiement s\u00e9curis\u00e9 par Paypal ou carte bancaire (via PAYPAL), Apple pay et Gpay<\/strong><br>Pour contacter&nbsp;<strong>Clarypool<\/strong>&nbsp;:<\/li>\n\n\n\n<li>Courrier :&nbsp;<strong>976 route de Saussines, 30250 Sommi\u00e8res<\/strong><\/li>\n\n\n\n<li>E-mail :&nbsp;<strong><a href=\"mailto:contact@clarypool.com\" target=\"_blank\" rel=\"noreferrer noopener\">contact@clarypool.com<\/a><\/strong><\/li>\n\n\n\n<li>T\u00e9l\u00e9phone :&nbsp;<strong>04 66 XX XX XX<\/strong><\/li>\n<\/ul>\n\n\n\n<p><strong>Article 5. R\u00e9serve de propri\u00e9t\u00e9 Clarypool<\/strong>\u00a0conserve la propri\u00e9t\u00e9 pleine et enti\u00e8re des produits vendus jusqu&#8217;au parfait encaissement du prix.<\/p>\n\n\n\n<p><strong>Article 6. R\u00e9tractation<\/strong>&nbsp;Conform\u00e9ment \u00e0 l\u2019article L121-20 du Code de la consommation, l\u2019Acheteur dispose d&#8217;un d\u00e9lai de 14 jours ouvrables pour exercer son droit de r\u00e9tractation.<\/p>\n\n\n\n<p><strong>Article 7. Livraison<\/strong>&nbsp;Les livraisons sont effectu\u00e9es par La Poste via COLISSIMO ou Mondial relay. En cas d\u2019absence, l\u2019Acheteur pourra retirer les produits au bureau de Poste en points relais ou en Locker.<\/p>\n\n\n\n<p><strong>Article 8. Garantie<\/strong>&nbsp;Tous les produits fournis par&nbsp;<strong>Clarypool<\/strong>&nbsp;b\u00e9n\u00e9ficient de la garantie l\u00e9gale. Les r\u00e9clamations doivent \u00eatre adress\u00e9es \u00e0 :&nbsp;<strong>Clarypool \u2013 976 route de Saussines, 30250 Sommi\u00e8res<\/strong>.<\/p>\n\n\n\n<p><strong>Article 9. Responsabilit\u00e9 Clarypool<\/strong>\u00a0n\u2019est tenue que par une obligation de moyens.<\/p>\n\n\n\n<p><strong>Article 10. Propri\u00e9t\u00e9 intellectuelle<\/strong>&nbsp;Tous les \u00e9l\u00e9ments du site&nbsp;<a href=\"https:\/\/www.clarypool.com\/\" target=\"_blank\" rel=\"noreferrer noopener\"><strong>www.clarypool.com<\/strong><\/a>&nbsp;sont et restent la propri\u00e9t\u00e9 exclusive de&nbsp;<strong>Clarypool<\/strong>.<\/p>\n\n\n\n<p><strong>Article 11. Donn\u00e9es personnelles<\/strong>&nbsp;Conform\u00e9ment \u00e0 la loi n\u00b0 78-17 du 6 janvier 1978, l\u2019Acheteur dispose d\u2019un droit d\u2019acc\u00e8s, de modification et de suppression des donn\u00e9es le concernant. Il peut l\u2019exercer \u00e0 l\u2019adresse suivante :&nbsp;<strong>Clarypool \u2013 976 route de Saussines, 30250 Sommi\u00e8res<\/strong>.<\/p>\n\n\n\n<p><strong>Article 12. R\u00e8glement des litiges<\/strong>&nbsp;Les pr\u00e9sentes conditions sont soumises \u00e0 la loi fran\u00e7aise. En cas de litige, le tribunal comp\u00e9tent sera celui de&nbsp;<strong>N\u00eemes<\/strong>.<\/p>\n","protected":false},"excerpt":{"rendered":"<p>CONDITIONS G\u00c9N\u00c9RALES DE VENTE Les pr\u00e9sentes conditions de vente sont conclues d\u2019une part par la soci\u00e9t\u00e9&nbsp;Clarypool, micro-entrepreneur dont le si\u00e8ge social est situ\u00e9 au&nbsp;976 route de Saussines, 30250 Sommi\u00e8res, immatricul\u00e9e au Registre du Commerce et des Soci\u00e9t\u00e9s de&nbsp;N\u00eemes&nbsp;sous le num\u00e9ro 943462531, ci-apr\u00e8s d\u00e9nomm\u00e9e &#8220;Clarypool&#8221; et g\u00e9rant le site&nbsp;www.clarypool.com, et d\u2019autre part, par toute personne physique [&hellip;]<\/p>\n","protected":false},"author":1,"featured_media":0,"parent":0,"menu_order":0,"comment_status":"closed","ping_status":"closed","template":"","meta":{"footnotes":""},"class_list":["post-513","page","type-page","status-publish","hentry"],"yoast_head":"<!-- This site is optimized with the Yoast SEO plugin v27.4 - https:\/\/yoast.com\/product\/yoast-seo-wordpress\/ -->\n<title>CGV - Clarypool<\/title>\n<meta name=\"robots\" content=\"index, follow, max-snippet:-1, max-image-preview:large, max-video-preview:-1\" \/>\n<link rel=\"canonical\" href=\"https:\/\/www.clarypool.com\/index.php\/cgv\/\" \/>\n<meta property=\"og:locale\" content=\"en_US\" \/>\n<meta property=\"og:type\" content=\"article\" \/>\n<meta property=\"og:title\" content=\"CGV - Clarypool\" \/>\n<meta property=\"og:description\" content=\"CONDITIONS G\u00c9N\u00c9RALES DE VENTE Les pr\u00e9sentes conditions de vente sont conclues d\u2019une part par la soci\u00e9t\u00e9&nbsp;Clarypool, micro-entrepreneur dont le si\u00e8ge social est situ\u00e9 au&nbsp;976 route de Saussines, 30250 Sommi\u00e8res, immatricul\u00e9e au Registre du Commerce et des Soci\u00e9t\u00e9s de&nbsp;N\u00eemes&nbsp;sous le num\u00e9ro 943462531, ci-apr\u00e8s d\u00e9nomm\u00e9e &#8220;Clarypool&#8221; et g\u00e9rant le site&nbsp;www.clarypool.com, et d\u2019autre part, par toute personne physique [&hellip;]\" \/>\n<meta property=\"og:url\" content=\"https:\/\/www.clarypool.com\/index.php\/cgv\/\" \/>\n<meta property=\"og:site_name\" content=\"Clarypool\" \/>\n<meta property=\"article:publisher\" content=\"https:\/\/facebook.com\/yoast\" \/>\n<meta property=\"article:modified_time\" content=\"2025-06-03T13:29:40+00:00\" \/>\n<meta name=\"twitter:card\" content=\"summary_large_image\" \/>\n<meta name=\"twitter:label1\" content=\"Est. reading time\" \/>\n\t<meta name=\"twitter:data1\" content=\"4 minutes\" \/>\n<script type=\"application\/ld+json\" class=\"yoast-schema-graph\">{\"@context\":\"https:\\\/\\\/schema.org\",\"@graph\":[{\"@type\":\"WebPage\",\"@id\":\"https:\\\/\\\/www.clarypool.com\\\/index.php\\\/cgv\\\/\",\"url\":\"https:\\\/\\\/www.clarypool.com\\\/index.php\\\/cgv\\\/\",\"name\":\"CGV - Clarypool\",\"isPartOf\":{\"@id\":\"https:\\\/\\\/www.clarypool.com\\\/#website\"},\"datePublished\":\"2025-05-27T19:03:48+00:00\",\"dateModified\":\"2025-06-03T13:29:40+00:00\",\"breadcrumb\":{\"@id\":\"https:\\\/\\\/www.clarypool.com\\\/index.php\\\/cgv\\\/#breadcrumb\"},\"inLanguage\":\"en-US\",\"potentialAction\":[{\"@type\":\"ReadAction\",\"target\":[\"https:\\\/\\\/www.clarypool.com\\\/index.php\\\/cgv\\\/\"]}]},{\"@type\":\"BreadcrumbList\",\"@id\":\"https:\\\/\\\/www.clarypool.com\\\/index.php\\\/cgv\\\/#breadcrumb\",\"itemListElement\":[{\"@type\":\"ListItem\",\"position\":1,\"name\":\"Accueil\",\"item\":\"https:\\\/\\\/www.clarypool.com\\\/\"},{\"@type\":\"ListItem\",\"position\":2,\"name\":\"CGV\"}]},{\"@type\":\"WebSite\",\"@id\":\"https:\\\/\\\/www.clarypool.com\\\/#website\",\"url\":\"https:\\\/\\\/www.clarypool.com\\\/\",\"name\":\"Clarypool\",\"description\":\"Votre piscine cristalline\",\"publisher\":{\"@id\":\"https:\\\/\\\/www.clarypool.com\\\/#organization\"},\"potentialAction\":[{\"@type\":\"SearchAction\",\"target\":{\"@type\":\"EntryPoint\",\"urlTemplate\":\"https:\\\/\\\/www.clarypool.com\\\/?s={search_term_string}\"},\"query-input\":{\"@type\":\"PropertyValueSpecification\",\"valueRequired\":true,\"valueName\":\"search_term_string\"}}],\"inLanguage\":\"en-US\"},{\"@type\":\"Organization\",\"@id\":\"https:\\\/\\\/www.clarypool.com\\\/#organization\",\"name\":\"Clarypool\",\"url\":\"https:\\\/\\\/www.clarypool.com\\\/\",\"logo\":{\"@type\":\"ImageObject\",\"inLanguage\":\"en-US\",\"@id\":\"https:\\\/\\\/www.clarypool.com\\\/#\\\/schema\\\/logo\\\/image\\\/\",\"url\":\"https:\\\/\\\/i0.wp.com\\\/www.clarypool.com\\\/wp-content\\\/uploads\\\/2025\\\/04\\\/clarypool-screen.png?fit=592%2C228&ssl=1\",\"contentUrl\":\"https:\\\/\\\/i0.wp.com\\\/www.clarypool.com\\\/wp-content\\\/uploads\\\/2025\\\/04\\\/clarypool-screen.png?fit=592%2C228&ssl=1\",\"width\":592,\"height\":228,\"caption\":\"Clarypool\"},\"image\":{\"@id\":\"https:\\\/\\\/www.clarypool.com\\\/#\\\/schema\\\/logo\\\/image\\\/\"},\"sameAs\":[\"https:\\\/\\\/facebook.com\\\/yoast\"]}]}<\/script>\n<!-- \/ Yoast SEO plugin. -->","yoast_head_json":{"title":"CGV - Clarypool","robots":{"index":"index","follow":"follow","max-snippet":"max-snippet:-1","max-image-preview":"max-image-preview:large","max-video-preview":"max-video-preview:-1"},"canonical":"https:\/\/www.clarypool.com\/index.php\/cgv\/","og_locale":"en_US","og_type":"article","og_title":"CGV - Clarypool","og_description":"CONDITIONS G\u00c9N\u00c9RALES DE VENTE Les pr\u00e9sentes conditions de vente sont conclues d\u2019une part par la soci\u00e9t\u00e9&nbsp;Clarypool, micro-entrepreneur dont le si\u00e8ge social est situ\u00e9 au&nbsp;976 route de Saussines, 30250 Sommi\u00e8res, immatricul\u00e9e au Registre du Commerce et des Soci\u00e9t\u00e9s de&nbsp;N\u00eemes&nbsp;sous le num\u00e9ro 943462531, ci-apr\u00e8s d\u00e9nomm\u00e9e &#8220;Clarypool&#8221; et g\u00e9rant le site&nbsp;www.clarypool.com, et d\u2019autre part, par toute personne physique [&hellip;]","og_url":"https:\/\/www.clarypool.com\/index.php\/cgv\/","og_site_name":"Clarypool","article_publisher":"https:\/\/facebook.com\/yoast","article_modified_time":"2025-06-03T13:29:40+00:00","twitter_card":"summary_large_image","twitter_misc":{"Est. reading time":"4 minutes"},"schema":{"@context":"https:\/\/schema.org","@graph":[{"@type":"WebPage","@id":"https:\/\/www.clarypool.com\/index.php\/cgv\/","url":"https:\/\/www.clarypool.com\/index.php\/cgv\/","name":"CGV - Clarypool","isPartOf":{"@id":"https:\/\/www.clarypool.com\/#website"},"datePublished":"2025-05-27T19:03:48+00:00","dateModified":"2025-06-03T13:29:40+00:00","breadcrumb":{"@id":"https:\/\/www.clarypool.com\/index.php\/cgv\/#breadcrumb"},"inLanguage":"en-US","potentialAction":[{"@type":"ReadAction","target":["https:\/\/www.clarypool.com\/index.php\/cgv\/"]}]},{"@type":"BreadcrumbList","@id":"https:\/\/www.clarypool.com\/index.php\/cgv\/#breadcrumb","itemListElement":[{"@type":"ListItem","position":1,"name":"Accueil","item":"https:\/\/www.clarypool.com\/"},{"@type":"ListItem","position":2,"name":"CGV"}]},{"@type":"WebSite","@id":"https:\/\/www.clarypool.com\/#website","url":"https:\/\/www.clarypool.com\/","name":"Clarypool","description":"Votre piscine cristalline","publisher":{"@id":"https:\/\/www.clarypool.com\/#organization"},"potentialAction":[{"@type":"SearchAction","target":{"@type":"EntryPoint","urlTemplate":"https:\/\/www.clarypool.com\/?s={search_term_string}"},"query-input":{"@type":"PropertyValueSpecification","valueRequired":true,"valueName":"search_term_string"}}],"inLanguage":"en-US"},{"@type":"Organization","@id":"https:\/\/www.clarypool.com\/#organization","name":"Clarypool","url":"https:\/\/www.clarypool.com\/","logo":{"@type":"ImageObject","inLanguage":"en-US","@id":"https:\/\/www.clarypool.com\/#\/schema\/logo\/image\/","url":"https:\/\/i0.wp.com\/www.clarypool.com\/wp-content\/uploads\/2025\/04\/clarypool-screen.png?fit=592%2C228&ssl=1","contentUrl":"https:\/\/i0.wp.com\/www.clarypool.com\/wp-content\/uploads\/2025\/04\/clarypool-screen.png?fit=592%2C228&ssl=1","width":592,"height":228,"caption":"Clarypool"},"image":{"@id":"https:\/\/www.clarypool.com\/#\/schema\/logo\/image\/"},"sameAs":["https:\/\/facebook.com\/yoast"]}]}},"jetpack_sharing_enabled":true,"jetpack_likes_enabled":true,"jetpack-related-posts":[],"_links":{"self":[{"href":"https:\/\/www.clarypool.com\/index.php\/wp-json\/wp\/v2\/pages\/513","targetHints":{"allow":["GET"]}}],"collection":[{"href":"https:\/\/www.clarypool.com\/index.php\/wp-json\/wp\/v2\/pages"}],"about":[{"href":"https:\/\/www.clarypool.com\/index.php\/wp-json\/wp\/v2\/types\/page"}],"author":[{"embeddable":true,"href":"https:\/\/www.clarypool.com\/index.php\/wp-json\/wp\/v2\/users\/1"}],"replies":[{"embeddable":true,"href":"https:\/\/www.clarypool.com\/index.php\/wp-json\/wp\/v2\/comments?post=513"}],"version-history":[{"count":3,"href":"https:\/\/www.clarypool.com\/index.php\/wp-json\/wp\/v2\/pages\/513\/revisions"}],"predecessor-version":[{"id":574,"href":"https:\/\/www.clarypool.com\/index.php\/wp-json\/wp\/v2\/pages\/513\/revisions\/574"}],"wp:attachment":[{"href":"https:\/\/www.clarypool.com\/index.php\/wp-json\/wp\/v2\/media?parent=513"}],"curies":[{"name":"wp","href":"https:\/\/api.w.org\/{rel}","templated":true}]}}