{"id":135,"date":"2025-04-28T20:53:31","date_gmt":"2025-04-28T18:53:31","guid":{"rendered":"https:\/\/www.clarypool.com\/?post_type=product&#038;p=135"},"modified":"2025-10-22T08:24:12","modified_gmt":"2025-10-22T06:24:12","slug":"aquaneed-v-42-l-le-traitement-automatique-dexception-de-votre-piscine","status":"publish","type":"product","link":"https:\/\/www.clarypool.com\/index.php\/produit\/aquaneed-v-42-l-le-traitement-automatique-dexception-de-votre-piscine\/","title":{"rendered":"Aquaneed V.42 L et V.85 le traitement automatique d&#8217;exception de votre piscine"},"content":{"rendered":"<h2 data-start=\"191\" data-end=\"256\">\ud83c\udf00 AQUANEED &#8211; L&#8217;innovation pour une piscine saine, simple et durable<\/h2>\n<p data-start=\"229\" data-end=\"552\"><strong data-start=\"229\" data-end=\"329\">Profitez d\u2019une eau pure, douce et sans contrainte, m\u00eame pour les peaux sensibles ou allergiques.<\/strong><br data-start=\"329\" data-end=\"332\" \/>Avec <strong data-start=\"337\" data-end=\"349\">Aquaneed<\/strong>, votre piscine devient un v\u00e9ritable espace de bien-\u00eatre : <strong data-start=\"408\" data-end=\"471\">plus d\u2019yeux qui piquent, de peau s\u00e8che ou de cheveux ab\u00eem\u00e9s<\/strong>. L\u2019eau retrouve sa vraie nature \u2014 <strong data-start=\"506\" data-end=\"551\">sans odeur, sans go\u00fbt, et douce pour tous<\/strong>.<\/p>\n<hr data-start=\"554\" data-end=\"557\" \/>\n<h3 data-start=\"559\" data-end=\"593\">\u2705 <strong data-start=\"565\" data-end=\"593\">Les avantages Aquaneed :<\/strong><\/h3>\n<h3 data-start=\"595\" data-end=\"619\"><span style=\"color: #003f64;\"><span data-start=\"598\" data-end=\"617\">\u00a0 \u00a0 \u00a0 <\/span><strong style=\"color: #003f64;\" data-start=\"598\" data-end=\"617\">Sain &amp; agr\u00e9able<\/strong><\/span><\/h3>\n<ul data-start=\"620\" data-end=\"751\">\n<li data-start=\"620\" data-end=\"660\">\n<p data-start=\"622\" data-end=\"660\">Eau douce, non irritante, sans odeur<\/p>\n<\/li>\n<li data-start=\"661\" data-end=\"707\">\n<p data-start=\"663\" data-end=\"707\">Adapt\u00e9 aux personnes allergiques au chlore<\/p>\n<\/li>\n<li data-start=\"708\" data-end=\"751\">\n<p data-start=\"710\" data-end=\"751\">Plus besoin de g\u00e9rer le pH au quotidien<\/p>\n<\/li>\n<\/ul>\n<h3 data-start=\"753\" data-end=\"789\"><span style=\"color: #003f64;\"><span data-start=\"756\" data-end=\"787\">\u00a0 \u00a0 \u00a0<\/span><strong style=\"color: #003f64;\" data-start=\"756\" data-end=\"787\">\u00c9coresponsable &amp; \u00e9cologique<\/strong><\/span><\/h3>\n<ul data-start=\"790\" data-end=\"999\">\n<li data-start=\"790\" data-end=\"882\">\n<p data-start=\"792\" data-end=\"882\">Aucun stabilisant (acide cyanurique) : l\u2019eau rejet\u00e9e est sans impact pour l\u2019environnement<\/p>\n<\/li>\n<li data-start=\"883\" data-end=\"938\">\n<p data-start=\"885\" data-end=\"938\">Pas besoin de vider un tiers du bassin chaque ann\u00e9e<\/p>\n<\/li>\n<li data-start=\"939\" data-end=\"999\">\n<p data-start=\"941\" data-end=\"999\">D\u00e9truit le chlore avant qu\u2019il ne nuise \u00e0 l\u2019environnement<\/p>\n<\/li>\n<\/ul>\n<h3 data-start=\"1001\" data-end=\"1031\"><span style=\"color: #003f64;\"><span data-start=\"1004\" data-end=\"1029\">\u00a0 \u00a0 \u00a0 <\/span><strong style=\"color: #003f64;\" data-start=\"1004\" data-end=\"1029\">\u00c9conomique &amp; rentable<\/strong><\/span><\/h3>\n<ul data-start=\"1032\" data-end=\"1206\">\n<li data-start=\"1032\" data-end=\"1094\">\n<p data-start=\"1034\" data-end=\"1094\">R\u00e9duction des d\u00e9penses en \u00e9lectricit\u00e9, chimie et entretien<\/p>\n<\/li>\n<li data-start=\"1095\" data-end=\"1156\">\n<p data-start=\"1097\" data-end=\"1156\">Moins d\u2019usure sur les \u00e9quipements et les maillots de bain<\/p>\n<\/li>\n<li data-start=\"1157\" data-end=\"1206\">\n<p data-start=\"1159\" data-end=\"1206\">Le <strong data-start=\"1162\" data-end=\"1204\">co\u00fbt d\u2019entretien le plus bas du march\u00e9<\/strong><\/p>\n<\/li>\n<\/ul>\n<h3 data-start=\"1208\" data-end=\"1232\"><span style=\"color: #003f64;\"><span data-start=\"1212\" data-end=\"1230\">\u00a0 \u00a0 \u00a0 <\/span><strong style=\"color: #003f64;\" data-start=\"1212\" data-end=\"1230\">Facile \u00e0 vivre<\/strong><\/span><\/h3>\n<ul data-start=\"1233\" data-end=\"1439\">\n<li data-start=\"1233\" data-end=\"1311\">\n<p data-start=\"1235\" data-end=\"1311\"><strong data-start=\"1235\" data-end=\"1272\">Seulement 2 gestes simples par an<\/strong> pour une eau parfaitement \u00e9quilibr\u00e9e<\/p>\n<\/li>\n<li data-start=\"1312\" data-end=\"1365\">\n<p data-start=\"1314\" data-end=\"1365\">Installation <strong data-start=\"1327\" data-end=\"1342\">Plug &amp; Play<\/strong> : branchez, utilisez<\/p>\n<\/li>\n<li data-start=\"1366\" data-end=\"1439\">\n<p data-start=\"1368\" data-end=\"1439\">\u00c9quipement <strong data-start=\"1379\" data-end=\"1411\">sans obsolescence programm\u00e9e<\/strong>, durable et haut de gamme<\/p>\n<\/li>\n<\/ul>\n<hr data-start=\"1441\" data-end=\"1444\" \/>\n<h3 data-start=\"1446\" data-end=\"1552\">\ud83c\udf1f <strong data-start=\"1453\" data-end=\"1550\">Aquaneed, c\u2019est la tranquillit\u00e9 d\u2019esprit, la durabilit\u00e9 et le confort, dans un seul appareil.<\/strong><\/h3>\n<p data-start=\"1553\" data-end=\"1624\"><strong data-start=\"1553\" data-end=\"1624\">Transformez votre piscine. Gardez l\u2019eau. Supprimez les contraintes.<\/strong><\/p>\n<p data-start=\"1553\" data-end=\"1624\"><a href=\"https:\/\/www.youtube.com\/watch?v=e_ZdIaxvpnQ&amp;t=6s\" target=\"_blank\" rel=\"noopener\"><img data-recalc-dims=\"1\" fetchpriority=\"high\" decoding=\"async\" data-attachment-id=\"638\" data-permalink=\"https:\/\/www.clarypool.com\/?attachment_id=638\" data-orig-file=\"https:\/\/i0.wp.com\/www.clarypool.com\/wp-content\/uploads\/2025\/06\/Aquaneed-video-Youtube.png?fit=1475%2C765&amp;ssl=1\" data-orig-size=\"1475,765\" data-comments-opened=\"1\" data-image-meta=\"{&quot;aperture&quot;:&quot;0&quot;,&quot;credit&quot;:&quot;&quot;,&quot;camera&quot;:&quot;&quot;,&quot;caption&quot;:&quot;&quot;,&quot;created_timestamp&quot;:&quot;0&quot;,&quot;copyright&quot;:&quot;&quot;,&quot;focal_length&quot;:&quot;0&quot;,&quot;iso&quot;:&quot;0&quot;,&quot;shutter_speed&quot;:&quot;0&quot;,&quot;title&quot;:&quot;&quot;,&quot;orientation&quot;:&quot;0&quot;}\" data-image-title=\"Aquaneed video Youtube\" data-image-description=\"\" data-image-caption=\"\" data-large-file=\"https:\/\/i0.wp.com\/www.clarypool.com\/wp-content\/uploads\/2025\/06\/Aquaneed-video-Youtube.png?fit=800%2C415&amp;ssl=1\" class=\"alignnone wp-image-638 size-large\" src=\"https:\/\/i0.wp.com\/www.clarypool.com\/wp-content\/uploads\/2025\/06\/Aquaneed-video-Youtube.png?resize=800%2C415&#038;ssl=1\" alt=\"\" width=\"800\" height=\"415\" srcset=\"https:\/\/i0.wp.com\/www.clarypool.com\/wp-content\/uploads\/2025\/06\/Aquaneed-video-Youtube.png?resize=1024%2C531&amp;ssl=1 1024w, https:\/\/i0.wp.com\/www.clarypool.com\/wp-content\/uploads\/2025\/06\/Aquaneed-video-Youtube.png?resize=300%2C156&amp;ssl=1 300w, https:\/\/i0.wp.com\/www.clarypool.com\/wp-content\/uploads\/2025\/06\/Aquaneed-video-Youtube.png?resize=768%2C398&amp;ssl=1 768w, https:\/\/i0.wp.com\/www.clarypool.com\/wp-content\/uploads\/2025\/06\/Aquaneed-video-Youtube.png?resize=1320%2C685&amp;ssl=1 1320w, https:\/\/i0.wp.com\/www.clarypool.com\/wp-content\/uploads\/2025\/06\/Aquaneed-video-Youtube.png?resize=600%2C311&amp;ssl=1 600w, https:\/\/i0.wp.com\/www.clarypool.com\/wp-content\/uploads\/2025\/06\/Aquaneed-video-Youtube.png?w=1475&amp;ssl=1 1475w\" sizes=\"(max-width: 800px) 100vw, 800px\" \/><\/a><\/p>\n","protected":false},"excerpt":{"rendered":"<div class=\"elementor-element elementor-element-98d830b elementor-widget__width-initial wd-width-100 elementor-widget elementor-widget-wd_title\" data-id=\"98d830b\" data-element_type=\"widget\" data-widget_type=\"wd_title.default\">\n<div class=\"elementor-widget-container\">\n<div class=\"title-wrapper set-mb-s reset-last-child wd-title-color-primary wd-title-style-default wd-title-size-large text-left\">\n<div class=\"title-after_title set-cont-mb-s reset-last-child wd-fontsize-s\">\n<p><em>Aquaneed, le traitement le plus simple et le plus efficace du march\u00e9.<\/em><\/p>\n<\/div>\n<\/div>\n<\/div>\n<\/div>\n<div class=\"elementor-element elementor-element-66e47ad elementor-widget elementor-widget-wd_text_block\" data-id=\"66e47ad\" data-element_type=\"widget\" data-widget_type=\"wd_text_block.default\">\n<div class=\"elementor-widget-container\">\n<div class=\"wd-text-block reset-last-child text-left\">\n<p>Nous exploitons et optimisons le principe du Chlore choc pour g\u00e9rer l\u2019eau. Une faible dose d\u2019hypochlorite de sodium liquide non stabilis\u00e9e est inject\u00e9e chaque nuit de telle fa\u00e7on qu\u2019il est d\u00e9truit dans la matin\u00e9e. L\u2019atteinte du pic de d\u00e9sinfection optimale assure une qualit\u00e9 d\u2019eau exceptionnelle.<\/p>\n<\/div>\n<\/div>\n<\/div>\n","protected":false},"featured_media":699,"comment_status":"open","ping_status":"closed","template":"","meta":{"jetpack_publicize_message":"","jetpack_publicize_feature_enabled":true,"jetpack_social_post_already_shared":true,"jetpack_social_options":{"image_generator_settings":{"template":"highway","default_image_id":0,"font":"","enabled":false},"version":2}},"product_brand":[72],"product_cat":[71],"product_tag":[74,26,76,75,73],"class_list":{"0":"post-135","1":"product","2":"type-product","3":"status-publish","4":"has-post-thumbnail","6":"product_brand-aquaneed","7":"product_cat-traitement","8":"product_tag-electrolyseur","9":"product_tag-filtration-piscine","10":"product_tag-regulateur-chlore","11":"product_tag-regulateur-ph","12":"product_tag-traitement-automatique","14":"first","15":"instock","16":"taxable","17":"shipping-taxable","18":"purchasable","19":"product-type-simple"},"yoast_head":"<!-- This site is optimized with the Yoast SEO plugin v27.4 - https:\/\/yoast.com\/product\/yoast-seo-wordpress\/ -->\n<title>Aquaneed V.42 L et V.85 le traitement automatique d&#039;exception de votre piscine - Clarypool<\/title>\n<meta name=\"description\" content=\"Avec l&#039;Aquaneed V42.L ou V85, profitez d\u2019une piscine pure, simple et durable. Moins d\u2019entretien, plus de confort et une eau douce et cristalline pour toute la famille.\" \/>\n<meta name=\"robots\" content=\"index, follow, max-snippet:-1, max-image-preview:large, max-video-preview:-1\" \/>\n<link rel=\"canonical\" href=\"https:\/\/www.clarypool.com\/index.php\/produit\/aquaneed-v-42-l-le-traitement-automatique-dexception-de-votre-piscine\/\" \/>\n<meta property=\"og:locale\" content=\"en_US\" \/>\n<meta property=\"og:type\" content=\"article\" \/>\n<meta property=\"og:title\" content=\"Aquaneed V.42 L et V.85 le traitement automatique d&#039;exception de votre piscine - Clarypool\" \/>\n<meta property=\"og:description\" content=\"Avec l&#039;Aquaneed V42.L ou V85, profitez d\u2019une piscine pure, simple et durable. Moins d\u2019entretien, plus de confort et une eau douce et cristalline pour toute la famille.\" \/>\n<meta property=\"og:url\" content=\"https:\/\/www.clarypool.com\/index.php\/produit\/aquaneed-v-42-l-le-traitement-automatique-dexception-de-votre-piscine\/\" \/>\n<meta property=\"og:site_name\" content=\"Clarypool\" \/>\n<meta property=\"article:publisher\" content=\"https:\/\/facebook.com\/yoast\" \/>\n<meta property=\"article:modified_time\" content=\"2025-10-22T06:24:12+00:00\" \/>\n<meta property=\"og:image\" content=\"https:\/\/www.clarypool.com\/wp-content\/uploads\/2025\/04\/Aquaneed-V42.L-1.jpg\" \/>\n\t<meta property=\"og:image:width\" content=\"364\" \/>\n\t<meta property=\"og:image:height\" content=\"373\" \/>\n\t<meta property=\"og:image:type\" content=\"image\/jpeg\" \/>\n<meta name=\"twitter:card\" content=\"summary_large_image\" \/>\n<meta name=\"twitter:label1\" content=\"Est. reading time\" \/>\n\t<meta name=\"twitter:data1\" content=\"2 minutes\" \/>\n<script type=\"application\/ld+json\" class=\"yoast-schema-graph\">{\"@context\":\"https:\\\/\\\/schema.org\",\"@graph\":[{\"@type\":\"WebPage\",\"@id\":\"https:\\\/\\\/www.clarypool.com\\\/index.php\\\/produit\\\/aquaneed-v-42-l-le-traitement-automatique-dexception-de-votre-piscine\\\/\",\"url\":\"https:\\\/\\\/www.clarypool.com\\\/index.php\\\/produit\\\/aquaneed-v-42-l-le-traitement-automatique-dexception-de-votre-piscine\\\/\",\"name\":\"Aquaneed V.42 L et V.85 le traitement automatique d'exception de votre piscine - Clarypool\",\"isPartOf\":{\"@id\":\"https:\\\/\\\/www.clarypool.com\\\/#website\"},\"primaryImageOfPage\":{\"@id\":\"https:\\\/\\\/www.clarypool.com\\\/index.php\\\/produit\\\/aquaneed-v-42-l-le-traitement-automatique-dexception-de-votre-piscine\\\/#primaryimage\"},\"image\":{\"@id\":\"https:\\\/\\\/www.clarypool.com\\\/index.php\\\/produit\\\/aquaneed-v-42-l-le-traitement-automatique-dexception-de-votre-piscine\\\/#primaryimage\"},\"thumbnailUrl\":\"https:\\\/\\\/i0.wp.com\\\/www.clarypool.com\\\/wp-content\\\/uploads\\\/2025\\\/04\\\/Aquaneed-V42.L-1.jpg?fit=364%2C373&ssl=1\",\"datePublished\":\"2025-04-28T18:53:31+00:00\",\"dateModified\":\"2025-10-22T06:24:12+00:00\",\"description\":\"Avec l'Aquaneed V42.L ou V85, profitez d\u2019une piscine pure, simple et durable. Moins d\u2019entretien, plus de confort et une eau douce et cristalline pour toute la famille.\",\"breadcrumb\":{\"@id\":\"https:\\\/\\\/www.clarypool.com\\\/index.php\\\/produit\\\/aquaneed-v-42-l-le-traitement-automatique-dexception-de-votre-piscine\\\/#breadcrumb\"},\"inLanguage\":\"en-US\",\"potentialAction\":[{\"@type\":\"ReadAction\",\"target\":[\"https:\\\/\\\/www.clarypool.com\\\/index.php\\\/produit\\\/aquaneed-v-42-l-le-traitement-automatique-dexception-de-votre-piscine\\\/\"]}]},{\"@type\":\"ImageObject\",\"inLanguage\":\"en-US\",\"@id\":\"https:\\\/\\\/www.clarypool.com\\\/index.php\\\/produit\\\/aquaneed-v-42-l-le-traitement-automatique-dexception-de-votre-piscine\\\/#primaryimage\",\"url\":\"https:\\\/\\\/i0.wp.com\\\/www.clarypool.com\\\/wp-content\\\/uploads\\\/2025\\\/04\\\/Aquaneed-V42.L-1.jpg?fit=364%2C373&ssl=1\",\"contentUrl\":\"https:\\\/\\\/i0.wp.com\\\/www.clarypool.com\\\/wp-content\\\/uploads\\\/2025\\\/04\\\/Aquaneed-V42.L-1.jpg?fit=364%2C373&ssl=1\",\"width\":364,\"height\":373},{\"@type\":\"BreadcrumbList\",\"@id\":\"https:\\\/\\\/www.clarypool.com\\\/index.php\\\/produit\\\/aquaneed-v-42-l-le-traitement-automatique-dexception-de-votre-piscine\\\/#breadcrumb\",\"itemListElement\":[{\"@type\":\"ListItem\",\"position\":1,\"name\":\"Accueil\",\"item\":\"https:\\\/\\\/www.clarypool.com\\\/\"},{\"@type\":\"ListItem\",\"position\":2,\"name\":\"Boutique\",\"item\":\"https:\\\/\\\/www.clarypool.com\\\/index.php\\\/boutique\\\/\"},{\"@type\":\"ListItem\",\"position\":3,\"name\":\"Aquaneed V.42 L et V.85 le traitement automatique d&rsquo;exception de votre piscine\"}]},{\"@type\":\"WebSite\",\"@id\":\"https:\\\/\\\/www.clarypool.com\\\/#website\",\"url\":\"https:\\\/\\\/www.clarypool.com\\\/\",\"name\":\"Clarypool\",\"description\":\"Votre piscine cristalline\",\"publisher\":{\"@id\":\"https:\\\/\\\/www.clarypool.com\\\/#organization\"},\"potentialAction\":[{\"@type\":\"SearchAction\",\"target\":{\"@type\":\"EntryPoint\",\"urlTemplate\":\"https:\\\/\\\/www.clarypool.com\\\/?s={search_term_string}\"},\"query-input\":{\"@type\":\"PropertyValueSpecification\",\"valueRequired\":true,\"valueName\":\"search_term_string\"}}],\"inLanguage\":\"en-US\"},{\"@type\":\"Organization\",\"@id\":\"https:\\\/\\\/www.clarypool.com\\\/#organization\",\"name\":\"Clarypool\",\"url\":\"https:\\\/\\\/www.clarypool.com\\\/\",\"logo\":{\"@type\":\"ImageObject\",\"inLanguage\":\"en-US\",\"@id\":\"https:\\\/\\\/www.clarypool.com\\\/#\\\/schema\\\/logo\\\/image\\\/\",\"url\":\"https:\\\/\\\/i0.wp.com\\\/www.clarypool.com\\\/wp-content\\\/uploads\\\/2025\\\/04\\\/clarypool-screen.png?fit=592%2C228&ssl=1\",\"contentUrl\":\"https:\\\/\\\/i0.wp.com\\\/www.clarypool.com\\\/wp-content\\\/uploads\\\/2025\\\/04\\\/clarypool-screen.png?fit=592%2C228&ssl=1\",\"width\":592,\"height\":228,\"caption\":\"Clarypool\"},\"image\":{\"@id\":\"https:\\\/\\\/www.clarypool.com\\\/#\\\/schema\\\/logo\\\/image\\\/\"},\"sameAs\":[\"https:\\\/\\\/facebook.com\\\/yoast\"]}]}<\/script>\n<!-- \/ Yoast SEO plugin. -->","yoast_head_json":{"title":"Aquaneed V.42 L et V.85 le traitement automatique d'exception de votre piscine - Clarypool","description":"Avec l'Aquaneed V42.L ou V85, profitez d\u2019une piscine pure, simple et durable. Moins d\u2019entretien, plus de confort et une eau douce et cristalline pour toute la famille.","robots":{"index":"index","follow":"follow","max-snippet":"max-snippet:-1","max-image-preview":"max-image-preview:large","max-video-preview":"max-video-preview:-1"},"canonical":"https:\/\/www.clarypool.com\/index.php\/produit\/aquaneed-v-42-l-le-traitement-automatique-dexception-de-votre-piscine\/","og_locale":"en_US","og_type":"article","og_title":"Aquaneed V.42 L et V.85 le traitement automatique d'exception de votre piscine - Clarypool","og_description":"Avec l'Aquaneed V42.L ou V85, profitez d\u2019une piscine pure, simple et durable. Moins d\u2019entretien, plus de confort et une eau douce et cristalline pour toute la famille.","og_url":"https:\/\/www.clarypool.com\/index.php\/produit\/aquaneed-v-42-l-le-traitement-automatique-dexception-de-votre-piscine\/","og_site_name":"Clarypool","article_publisher":"https:\/\/facebook.com\/yoast","article_modified_time":"2025-10-22T06:24:12+00:00","og_image":[{"width":364,"height":373,"url":"https:\/\/www.clarypool.com\/wp-content\/uploads\/2025\/04\/Aquaneed-V42.L-1.jpg","type":"image\/jpeg"}],"twitter_card":"summary_large_image","twitter_misc":{"Est. reading time":"2 minutes"},"schema":{"@context":"https:\/\/schema.org","@graph":[{"@type":"WebPage","@id":"https:\/\/www.clarypool.com\/index.php\/produit\/aquaneed-v-42-l-le-traitement-automatique-dexception-de-votre-piscine\/","url":"https:\/\/www.clarypool.com\/index.php\/produit\/aquaneed-v-42-l-le-traitement-automatique-dexception-de-votre-piscine\/","name":"Aquaneed V.42 L et V.85 le traitement automatique d'exception de votre piscine - Clarypool","isPartOf":{"@id":"https:\/\/www.clarypool.com\/#website"},"primaryImageOfPage":{"@id":"https:\/\/www.clarypool.com\/index.php\/produit\/aquaneed-v-42-l-le-traitement-automatique-dexception-de-votre-piscine\/#primaryimage"},"image":{"@id":"https:\/\/www.clarypool.com\/index.php\/produit\/aquaneed-v-42-l-le-traitement-automatique-dexception-de-votre-piscine\/#primaryimage"},"thumbnailUrl":"https:\/\/i0.wp.com\/www.clarypool.com\/wp-content\/uploads\/2025\/04\/Aquaneed-V42.L-1.jpg?fit=364%2C373&ssl=1","datePublished":"2025-04-28T18:53:31+00:00","dateModified":"2025-10-22T06:24:12+00:00","description":"Avec l'Aquaneed V42.L ou V85, profitez d\u2019une piscine pure, simple et durable. Moins d\u2019entretien, plus de confort et une eau douce et cristalline pour toute la famille.","breadcrumb":{"@id":"https:\/\/www.clarypool.com\/index.php\/produit\/aquaneed-v-42-l-le-traitement-automatique-dexception-de-votre-piscine\/#breadcrumb"},"inLanguage":"en-US","potentialAction":[{"@type":"ReadAction","target":["https:\/\/www.clarypool.com\/index.php\/produit\/aquaneed-v-42-l-le-traitement-automatique-dexception-de-votre-piscine\/"]}]},{"@type":"ImageObject","inLanguage":"en-US","@id":"https:\/\/www.clarypool.com\/index.php\/produit\/aquaneed-v-42-l-le-traitement-automatique-dexception-de-votre-piscine\/#primaryimage","url":"https:\/\/i0.wp.com\/www.clarypool.com\/wp-content\/uploads\/2025\/04\/Aquaneed-V42.L-1.jpg?fit=364%2C373&ssl=1","contentUrl":"https:\/\/i0.wp.com\/www.clarypool.com\/wp-content\/uploads\/2025\/04\/Aquaneed-V42.L-1.jpg?fit=364%2C373&ssl=1","width":364,"height":373},{"@type":"BreadcrumbList","@id":"https:\/\/www.clarypool.com\/index.php\/produit\/aquaneed-v-42-l-le-traitement-automatique-dexception-de-votre-piscine\/#breadcrumb","itemListElement":[{"@type":"ListItem","position":1,"name":"Accueil","item":"https:\/\/www.clarypool.com\/"},{"@type":"ListItem","position":2,"name":"Boutique","item":"https:\/\/www.clarypool.com\/index.php\/boutique\/"},{"@type":"ListItem","position":3,"name":"Aquaneed V.42 L et V.85 le traitement automatique d&rsquo;exception de votre piscine"}]},{"@type":"WebSite","@id":"https:\/\/www.clarypool.com\/#website","url":"https:\/\/www.clarypool.com\/","name":"Clarypool","description":"Votre piscine cristalline","publisher":{"@id":"https:\/\/www.clarypool.com\/#organization"},"potentialAction":[{"@type":"SearchAction","target":{"@type":"EntryPoint","urlTemplate":"https:\/\/www.clarypool.com\/?s={search_term_string}"},"query-input":{"@type":"PropertyValueSpecification","valueRequired":true,"valueName":"search_term_string"}}],"inLanguage":"en-US"},{"@type":"Organization","@id":"https:\/\/www.clarypool.com\/#organization","name":"Clarypool","url":"https:\/\/www.clarypool.com\/","logo":{"@type":"ImageObject","inLanguage":"en-US","@id":"https:\/\/www.clarypool.com\/#\/schema\/logo\/image\/","url":"https:\/\/i0.wp.com\/www.clarypool.com\/wp-content\/uploads\/2025\/04\/clarypool-screen.png?fit=592%2C228&ssl=1","contentUrl":"https:\/\/i0.wp.com\/www.clarypool.com\/wp-content\/uploads\/2025\/04\/clarypool-screen.png?fit=592%2C228&ssl=1","width":592,"height":228,"caption":"Clarypool"},"image":{"@id":"https:\/\/www.clarypool.com\/#\/schema\/logo\/image\/"},"sameAs":["https:\/\/facebook.com\/yoast"]}]}},"jetpack_publicize_connections":[],"jetpack_sharing_enabled":true,"jetpack_likes_enabled":true,"jetpack-related-posts":[],"_links":{"self":[{"href":"https:\/\/www.clarypool.com\/index.php\/wp-json\/wp\/v2\/product\/135","targetHints":{"allow":["GET"]}}],"collection":[{"href":"https:\/\/www.clarypool.com\/index.php\/wp-json\/wp\/v2\/product"}],"about":[{"href":"https:\/\/www.clarypool.com\/index.php\/wp-json\/wp\/v2\/types\/product"}],"replies":[{"embeddable":true,"href":"https:\/\/www.clarypool.com\/index.php\/wp-json\/wp\/v2\/comments?post=135"}],"wp:featuredmedia":[{"embeddable":true,"href":"https:\/\/www.clarypool.com\/index.php\/wp-json\/wp\/v2\/media\/699"}],"wp:attachment":[{"href":"https:\/\/www.clarypool.com\/index.php\/wp-json\/wp\/v2\/media?parent=135"}],"wp:term":[{"taxonomy":"product_brand","embeddable":true,"href":"https:\/\/www.clarypool.com\/index.php\/wp-json\/wp\/v2\/product_brand?post=135"},{"taxonomy":"product_cat","embeddable":true,"href":"https:\/\/www.clarypool.com\/index.php\/wp-json\/wp\/v2\/product_cat?post=135"},{"taxonomy":"product_tag","embeddable":true,"href":"https:\/\/www.clarypool.com\/index.php\/wp-json\/wp\/v2\/product_tag?post=135"}],"curies":[{"name":"wp","href":"https:\/\/api.w.org\/{rel}","templated":true}]}}